{"id":94,"date":"2022-06-22T14:15:16","date_gmt":"2022-06-22T12:15:16","guid":{"rendered":"https:\/\/sgeltersdorf.de\/WP\/?page_id=94"},"modified":"2023-08-08T23:01:24","modified_gmt":"2023-08-08T21:01:24","slug":"chronik","status":"publish","type":"page","link":"https:\/\/sgeltersdorf.de\/WP\/chronik\/","title":{"rendered":"Chronik"},"content":{"rendered":"\t\t<div data-elementor-type=\"wp-page\" data-elementor-id=\"94\" class=\"elementor elementor-94\">\n\t\t\t\t\t\t<section class=\"elementor-section elementor-top-section elementor-element elementor-element-4bc5f66 elementor-section-boxed elementor-section-height-default elementor-section-height-default\" data-id=\"4bc5f66\" data-element_type=\"section\" data-e-type=\"section\">\n\t\t\t\t\t\t<div class=\"elementor-container elementor-column-gap-default\">\n\t\t\t\t\t<div class=\"elementor-column elementor-col-100 elementor-top-column elementor-element elementor-element-d1b6cb2\" data-id=\"d1b6cb2\" data-element_type=\"column\" data-e-type=\"column\">\n\t\t\t<div class=\"elementor-widget-wrap elementor-element-populated\">\n\t\t\t\t\t\t<div class=\"elementor-element elementor-element-24e4d6d elementor-widget elementor-widget-text-editor\" data-id=\"24e4d6d\" data-element_type=\"widget\" data-e-type=\"widget\" data-widget_type=\"text-editor.default\">\n\t\t\t\t<div class=\"elementor-widget-container\">\n\t\t\t\t\t\t\t\t\t<p>Die Geschichte der Sch\u00fctzengesellschaft Eltersdorf begann 1913, also vor \u00fcber 100 Jahren. Damit ist der Verein ins Leben gerufen worden noch weit bevor die \u00c4ltesten unter den aktuellen Mitglieder geboren wurden. Hier findest du eine Chronik der wichtigsten Ereignisse im Verein, die wir auch in den n\u00e4chsten Jahren und Jahrzehnten in Erinnerung behalten und an die n\u00e4chste Generation Sch\u00fctz*innen weitergeben m\u00f6chten.<\/p>\t\t\t\t\t\t\t\t<\/div>\n\t\t\t\t<\/div>\n\t\t\t\t\t<\/div>\n\t\t<\/div>\n\t\t\t\t\t<\/div>\n\t\t<\/section>\n\t\t\t\t<section class=\"elementor-section elementor-top-section elementor-element elementor-element-f14953e elementor-section-boxed elementor-section-height-default elementor-section-height-default\" data-id=\"f14953e\" data-element_type=\"section\" data-e-type=\"section\">\n\t\t\t\t\t\t<div class=\"elementor-container elementor-column-gap-default\">\n\t\t\t\t\t<div class=\"elementor-column elementor-col-33 elementor-top-column elementor-element elementor-element-52b4723\" data-id=\"52b4723\" data-element_type=\"column\" data-e-type=\"column\">\n\t\t\t<div class=\"elementor-widget-wrap elementor-element-populated\">\n\t\t\t\t\t\t<div class=\"elementor-element elementor-element-5f191f7 elementor-widget elementor-widget-text-editor\" data-id=\"5f191f7\" data-element_type=\"widget\" data-e-type=\"widget\" data-widget_type=\"text-editor.default\">\n\t\t\t\t<div class=\"elementor-widget-container\">\n\t\t\t\t\t\t\t\t\t<p>1913<\/p><p>1921<\/p><p>1933<\/p><p>1935<\/p><p>07\/1942<\/p><p>04.01.1953\u00a0 \u00a0<\/p><p><span style=\"background-color: var(--base-3); color: var( --e-global-color-text ); font-family: var( --e-global-typography-text-font-family ), Sans-serif; font-weight: var( --e-global-typography-text-font-weight );\">1954<\/span><\/p><p>1955<\/p><p>1957<\/p><p>1960\/61<\/p><p>1972<\/p><p>1978<\/p><p>1987<\/p><p>1988<\/p><p>2003<\/p><p>2013<\/p><p><span style=\"color: var( --e-global-color-text ); font-family: var( --e-global-typography-text-font-family ), Sans-serif; font-weight: var( --e-global-typography-text-font-weight ); background-color: var(--base-3);\"><br \/>2017<br \/><\/span><\/p><p><span style=\"color: var( --e-global-color-text ); font-family: var( --e-global-typography-text-font-family ), Sans-serif; font-weight: var( --e-global-typography-text-font-weight ); background-color: var(--base-3);\">2019<\/span><\/p><p><span style=\"color: var( --e-global-color-text ); font-family: var( --e-global-typography-text-font-family ), Sans-serif; font-weight: var( --e-global-typography-text-font-weight ); background-color: var(--base-3);\">2020<br \/><\/span><\/p><p>2021<\/p><p>2023<\/p>\t\t\t\t\t\t\t\t<\/div>\n\t\t\t\t<\/div>\n\t\t\t\t\t<\/div>\n\t\t<\/div>\n\t\t\t\t<div class=\"elementor-column elementor-col-66 elementor-top-column elementor-element elementor-element-ab43ea1\" data-id=\"ab43ea1\" data-element_type=\"column\" data-e-type=\"column\">\n\t\t\t<div class=\"elementor-widget-wrap elementor-element-populated\">\n\t\t\t\t\t\t<div class=\"elementor-element elementor-element-8bd51e3 elementor-widget elementor-widget-text-editor\" data-id=\"8bd51e3\" data-element_type=\"widget\" data-e-type=\"widget\" data-widget_type=\"text-editor.default\">\n\t\t\t\t<div class=\"elementor-widget-container\">\n\t\t\t\t\t\t\t\t\t<p>Die &#8222;Sch\u00fctzengesellschaft Eltersdorf&#8220; wurde gegr\u00fcndet<\/p>\n<p>Erstes K\u00f6nigsschie\u00dfen<\/p>\n<p>K\u00f6nigskette wurde zum ersten Mal verliehen<\/p>\n<p>Zum ersten Mal wurde ein 1. Sch\u00fctzenmeister ernannt (Fritz Lochner)<\/p>\n<p>Einstellen des Schie\u00dfbetriebs aufgrund des Kriegs<\/p>\n<p>Wiedergr\u00fcndung der &#8222;Sch\u00fctzengesellschaft Eltersdorf&#8220; nach dem Krieg mit 21 Gr\u00fcndungsmitgliedern<\/p>\n<p>Abriss des alten Sch\u00fctzenhauses<\/p>\n<p>Pavillon in Birkenhain wurde zu einer Schie\u00dfanlage umgebaut&nbsp;<\/p>\n<p>Fahnenweihe mit 1000 teilnehmenden Sch\u00fctzen<\/p>\n<p>Das neugebaute Sch\u00fctzenheim wurde in Betrieb genommen<\/p>\n<p>Das Grundst\u00fcck wurde gekauft<\/p>\n<p>Gr\u00fcndung der Bogenabteilung<\/p>\n<p>Die Erweiterung der Schie\u00dfanlage wurde fertiggestellt<\/p>\n<p>75-j\u00e4hriges Jubil\u00e4um<\/p>\n<p>90-j\u00e4hriges Jubil\u00e4um<\/p>\n<p>100-j\u00e4hriges Jubil\u00e4um und Verleihung der Ehrenmedaille des Bundespr\u00e4sidenten (stellvertretend \u00fcbergeben durch Dr. Joachim Hermann)<\/p>\n<p>Modernisierung der Herren Toiletten<\/p>\n<p>Modernisierung der Schie\u00dfanlage<\/p>\n<p>Erneuerung aller Bogenst\u00e4nder<\/p>\n<p>Renovierung der Sch\u00fctzenstube<\/p><p>Renovierung der Gastst\u00e4tte<br><\/p>\n<p><\/p>\t\t\t\t\t\t\t\t<\/div>\n\t\t\t\t<\/div>\n\t\t\t\t\t<\/div>\n\t\t<\/div>\n\t\t\t\t\t<\/div>\n\t\t<\/section>\n\t\t\t\t<\/div>\n\t\t","protected":false},"excerpt":{"rendered":"<p>Die Geschichte der Sch\u00fctzengesellschaft Eltersdorf begann 1913, also vor \u00fcber 100 Jahren. Damit ist der Verein ins Leben gerufen worden noch weit bevor die \u00c4ltesten unter den aktuellen Mitglieder geboren wurden. Hier findest du eine Chronik der wichtigsten Ereignisse im Verein, die wir auch in den n\u00e4chsten Jahren und Jahrzehnten in Erinnerung behalten und an &#8230; <a title=\"Chronik\" class=\"read-more\" href=\"https:\/\/sgeltersdorf.de\/WP\/chronik\/\" aria-label=\"Mehr Informationen \u00fcber Chronik\">Weiterlesen<\/a><\/p>\n","protected":false},"author":6,"featured_media":0,"parent":0,"menu_order":0,"comment_status":"closed","ping_status":"closed","template":"","meta":{"footnotes":""},"class_list":["post-94","page","type-page","status-publish"],"_links":{"self":[{"href":"https:\/\/sgeltersdorf.de\/WP\/wp-json\/wp\/v2\/pages\/94","targetHints":{"allow":["GET"]}}],"collection":[{"href":"https:\/\/sgeltersdorf.de\/WP\/wp-json\/wp\/v2\/pages"}],"about":[{"href":"https:\/\/sgeltersdorf.de\/WP\/wp-json\/wp\/v2\/types\/page"}],"author":[{"embeddable":true,"href":"https:\/\/sgeltersdorf.de\/WP\/wp-json\/wp\/v2\/users\/6"}],"replies":[{"embeddable":true,"href":"https:\/\/sgeltersdorf.de\/WP\/wp-json\/wp\/v2\/comments?post=94"}],"version-history":[{"count":82,"href":"https:\/\/sgeltersdorf.de\/WP\/wp-json\/wp\/v2\/pages\/94\/revisions"}],"predecessor-version":[{"id":1237,"href":"https:\/\/sgeltersdorf.de\/WP\/wp-json\/wp\/v2\/pages\/94\/revisions\/1237"}],"wp:attachment":[{"href":"https:\/\/sgeltersdorf.de\/WP\/wp-json\/wp\/v2\/media?parent=94"}],"curies":[{"name":"wp","href":"https:\/\/api.w.org\/{rel}","templated":true}]}}