{"id":580,"date":"2022-08-12T12:54:38","date_gmt":"2022-08-12T10:54:38","guid":{"rendered":"https:\/\/sgeltersdorf.de\/WP\/?page_id=580"},"modified":"2023-04-19T08:37:20","modified_gmt":"2023-04-19T06:37:20","slug":"der-schiesssport-lg-lp","status":"publish","type":"page","link":"https:\/\/sgeltersdorf.de\/WP\/der-schiesssport-lg-lp\/","title":{"rendered":"Der Schie\u00dfsport LG\/LP"},"content":{"rendered":"\t\t<div data-elementor-type=\"wp-page\" data-elementor-id=\"580\" class=\"elementor elementor-580\">\n\t\t\t\t\t\t<section class=\"elementor-section elementor-top-section elementor-element elementor-element-561389b elementor-section-boxed elementor-section-height-default elementor-section-height-default\" data-id=\"561389b\" data-element_type=\"section\" data-e-type=\"section\">\n\t\t\t\t\t\t<div class=\"elementor-container elementor-column-gap-default\">\n\t\t\t\t\t<div class=\"elementor-column elementor-col-50 elementor-top-column elementor-element elementor-element-4b568fa\" data-id=\"4b568fa\" data-element_type=\"column\" data-e-type=\"column\">\n\t\t\t<div class=\"elementor-widget-wrap elementor-element-populated\">\n\t\t\t\t\t\t<div class=\"elementor-element elementor-element-2db780d elementor-widget elementor-widget-text-editor\" data-id=\"2db780d\" data-element_type=\"widget\" data-e-type=\"widget\" data-widget_type=\"text-editor.default\">\n\t\t\t\t<div class=\"elementor-widget-container\">\n\t\t\t\t\t\t\t\t\t<h2><strong>Sportschie\u00dfen allgemein&#8230;<\/strong><\/h2><div><strong>\u00a0<\/strong><span style=\"color: var( --e-global-color-text ); font-family: var( --e-global-typography-text-font-family ), Sans-serif; font-weight: var( --e-global-typography-text-font-weight ); background-color: var(--base-3);\">&#8230; geh\u00f6rt zu den olympischen Sportarten.<\/span><\/div><div><span style=\"color: var( --e-global-color-text ); font-family: var( --e-global-typography-text-font-family ), Sans-serif; font-weight: var( --e-global-typography-text-font-weight ); background-color: var(--base-3);\">\u00a0<\/span><\/div><p>&#8230;hat positive Auswirkungen auf Motorik, Koordination und Kognition.<\/p><p>&#8230;f\u00f6rdert Selbstbeherrschung, Zielstrebigkeit, Konzentration sowie Sports- und Teamgeist.<\/p>\t\t\t\t\t\t\t\t<\/div>\n\t\t\t\t<\/div>\n\t\t\t\t\t<\/div>\n\t\t<\/div>\n\t\t\t\t<div class=\"elementor-column elementor-col-50 elementor-top-column elementor-element elementor-element-9e94eca\" data-id=\"9e94eca\" data-element_type=\"column\" data-e-type=\"column\">\n\t\t\t<div class=\"elementor-widget-wrap elementor-element-populated\">\n\t\t\t\t\t\t<div class=\"elementor-element elementor-element-13e2249 elementor-widget-laptop__width-initial elementor-widget elementor-widget-image\" data-id=\"13e2249\" data-element_type=\"widget\" data-e-type=\"widget\" data-widget_type=\"image.default\">\n\t\t\t\t<div class=\"elementor-widget-container\">\n\t\t\t\t\t\t\t\t\t\t\t\t\t\t\t<img decoding=\"async\" src=\"https:\/\/sgeltersdorf.de\/WP\/wp-content\/uploads\/elementor\/thumbs\/WhatsApp-Image-2022-04-13-at-10.38.09-pt68qaldgaxwal9u7uvkvlftoh5hsl0bi8jfyf75s0.jpg\" title=\"WhatsApp Image 2022-04-13 at 10.38.09\" alt=\"WhatsApp Image 2022-04-13 at 10.38.09\" loading=\"lazy\" \/>\t\t\t\t\t\t\t\t\t\t\t\t\t\t\t<\/div>\n\t\t\t\t<\/div>\n\t\t\t\t\t<\/div>\n\t\t<\/div>\n\t\t\t\t\t<\/div>\n\t\t<\/section>\n\t\t\t\t<section class=\"elementor-section elementor-top-section elementor-element elementor-element-43418e3 elementor-section-boxed elementor-section-height-default elementor-section-height-default\" data-id=\"43418e3\" data-element_type=\"section\" data-e-type=\"section\">\n\t\t\t\t\t\t<div class=\"elementor-container elementor-column-gap-default\">\n\t\t\t\t\t<div class=\"elementor-column elementor-col-100 elementor-top-column elementor-element elementor-element-3c5a12f\" data-id=\"3c5a12f\" data-element_type=\"column\" data-e-type=\"column\">\n\t\t\t<div class=\"elementor-widget-wrap elementor-element-populated\">\n\t\t\t\t\t\t<div class=\"elementor-element elementor-element-4e8b79f elementor-widget elementor-widget-text-editor\" data-id=\"4e8b79f\" data-element_type=\"widget\" data-e-type=\"widget\" data-widget_type=\"text-editor.default\">\n\t\t\t\t<div class=\"elementor-widget-container\">\n\t\t\t\t\t\t\t\t\t<h2><strong>Aktuell bei uns im Verein&#8230;<\/strong><\/h2>\t\t\t\t\t\t\t\t<\/div>\n\t\t\t\t<\/div>\n\t\t\t\t\t<\/div>\n\t\t<\/div>\n\t\t\t\t\t<\/div>\n\t\t<\/section>\n\t\t\t\t<section class=\"elementor-section elementor-top-section elementor-element elementor-element-84ed91c elementor-section-boxed elementor-section-height-default elementor-section-height-default\" data-id=\"84ed91c\" data-element_type=\"section\" data-e-type=\"section\">\n\t\t\t\t\t\t<div class=\"elementor-container elementor-column-gap-default\">\n\t\t\t\t\t<div class=\"elementor-column elementor-col-50 elementor-top-column elementor-element elementor-element-4302967\" data-id=\"4302967\" data-element_type=\"column\" data-e-type=\"column\">\n\t\t\t<div class=\"elementor-widget-wrap elementor-element-populated\">\n\t\t\t\t\t\t<div class=\"elementor-element elementor-element-25d822f elementor-widget-laptop__width-initial elementor-widget elementor-widget-image\" data-id=\"25d822f\" data-element_type=\"widget\" data-e-type=\"widget\" data-widget_type=\"image.default\">\n\t\t\t\t<div class=\"elementor-widget-container\">\n\t\t\t\t\t\t\t\t\t\t\t\t\t\t\t<img decoding=\"async\" src=\"https:\/\/sgeltersdorf.de\/WP\/wp-content\/uploads\/elementor\/thumbs\/20230404_194010-scaled-q4raq7b18c2rhfvdoslzsj2p9r31qq0j366yr9pvcw.jpg\" title=\"20230404_194010\" alt=\"20230404_194010\" loading=\"lazy\" \/>\t\t\t\t\t\t\t\t\t\t\t\t\t\t\t<\/div>\n\t\t\t\t<\/div>\n\t\t\t\t\t<\/div>\n\t\t<\/div>\n\t\t\t\t<div class=\"elementor-column elementor-col-50 elementor-top-column elementor-element elementor-element-e071015\" data-id=\"e071015\" data-element_type=\"column\" data-e-type=\"column\">\n\t\t\t<div class=\"elementor-widget-wrap elementor-element-populated\">\n\t\t\t\t\t\t<div class=\"elementor-element elementor-element-d51412c elementor-widget elementor-widget-text-editor\" data-id=\"d51412c\" data-element_type=\"widget\" data-e-type=\"widget\" data-widget_type=\"text-editor.default\">\n\t\t\t\t<div class=\"elementor-widget-container\">\n\t\t\t\t\t\t\t\t\t<p>&#8230;wird ausschlie\u00dflich mit Luftdruckwaffen (Luftgewehr\/-pistole) Kaliber 4,5mm auf 10m Entfernung geschossen.<\/p><p>&#8230;kann zum Spa\u00df und als Vorbereitung auf vereinsinterne\/ -\u00fcbergreifende Wettk\u00e4mpfe trainiert werden.<\/p><p>&#8230;stehen Spa\u00df am Schie\u00dfen, Gemeinschaft und Geselligkeit im Vordergrund.<\/p><p>&#8230;sind Interessierte jeglichen K\u00f6nnens ab 12 Jahre herzlich willkommen.\u00a0<\/p><p>&#8230;k\u00f6nnen Kinder unter 12 Jahren das Schie\u00dfen mit einem Lichtgewehr ausprobieren.<\/p><p>\u00a0<\/p>\t\t\t\t\t\t\t\t<\/div>\n\t\t\t\t<\/div>\n\t\t\t\t\t<\/div>\n\t\t<\/div>\n\t\t\t\t\t<\/div>\n\t\t<\/section>\n\t\t\t\t<\/div>\n\t\t","protected":false},"excerpt":{"rendered":"<p>Sportschie\u00dfen allgemein&#8230; \u00a0&#8230; geh\u00f6rt zu den olympischen Sportarten.\u00a0 &#8230;hat positive Auswirkungen auf Motorik, Koordination und Kognition. &#8230;f\u00f6rdert Selbstbeherrschung, Zielstrebigkeit, Konzentration sowie Sports- und Teamgeist. Aktuell bei uns im Verein&#8230; &#8230;wird ausschlie\u00dflich mit Luftdruckwaffen (Luftgewehr\/-pistole) Kaliber 4,5mm auf 10m Entfernung geschossen. &#8230;kann zum Spa\u00df und als Vorbereitung auf vereinsinterne\/ -\u00fcbergreifende Wettk\u00e4mpfe trainiert werden. &#8230;stehen Spa\u00df am &#8230; <a title=\"Der Schie\u00dfsport LG\/LP\" class=\"read-more\" href=\"https:\/\/sgeltersdorf.de\/WP\/der-schiesssport-lg-lp\/\" aria-label=\"Mehr Informationen \u00fcber Der Schie\u00dfsport LG\/LP\">Weiterlesen<\/a><\/p>\n","protected":false},"author":6,"featured_media":0,"parent":0,"menu_order":0,"comment_status":"closed","ping_status":"closed","template":"","meta":{"footnotes":""},"class_list":["post-580","page","type-page","status-publish"],"_links":{"self":[{"href":"https:\/\/sgeltersdorf.de\/WP\/wp-json\/wp\/v2\/pages\/580","targetHints":{"allow":["GET"]}}],"collection":[{"href":"https:\/\/sgeltersdorf.de\/WP\/wp-json\/wp\/v2\/pages"}],"about":[{"href":"https:\/\/sgeltersdorf.de\/WP\/wp-json\/wp\/v2\/types\/page"}],"author":[{"embeddable":true,"href":"https:\/\/sgeltersdorf.de\/WP\/wp-json\/wp\/v2\/users\/6"}],"replies":[{"embeddable":true,"href":"https:\/\/sgeltersdorf.de\/WP\/wp-json\/wp\/v2\/comments?post=580"}],"version-history":[{"count":48,"href":"https:\/\/sgeltersdorf.de\/WP\/wp-json\/wp\/v2\/pages\/580\/revisions"}],"predecessor-version":[{"id":1086,"href":"https:\/\/sgeltersdorf.de\/WP\/wp-json\/wp\/v2\/pages\/580\/revisions\/1086"}],"wp:attachment":[{"href":"https:\/\/sgeltersdorf.de\/WP\/wp-json\/wp\/v2\/media?parent=580"}],"curies":[{"name":"wp","href":"https:\/\/api.w.org\/{rel}","templated":true}]}}