{"id":578,"date":"2022-08-12T12:54:20","date_gmt":"2022-08-12T10:54:20","guid":{"rendered":"https:\/\/sgeltersdorf.de\/WP\/?page_id=578"},"modified":"2025-05-19T19:50:16","modified_gmt":"2025-05-19T17:50:16","slug":"der-bogensport","status":"publish","type":"page","link":"https:\/\/sgeltersdorf.de\/WP\/der-bogensport\/","title":{"rendered":"Der Bogensport"},"content":{"rendered":"<h2><strong>Das Bogenschie\u00dfen allgemein&#8230;<\/strong><\/h2>\n<style>\/*! elementor - v3.13.1 - 09-05-2023 *\/\n.elementor-widget-image{text-align:center}.elementor-widget-image a{display:inline-block}.elementor-widget-image a img[src$=\".svg\"]{width:48px}.elementor-widget-image img{vertical-align:middle;display:inline-block}<\/style>\n<p>\t\t\t\t\t\t\t\t\t\t\t\t<img loading=\"lazy\" decoding=\"async\" width=\"1024\" height=\"267\" src=\"https:\/\/sgeltersdorf.de\/WP\/wp-content\/uploads\/2023\/04\/20230212_BMHalle2-1024x267.jpg\" alt=\"\" loading=\"lazy\" srcset=\"https:\/\/sgeltersdorf.de\/WP\/wp-content\/uploads\/2023\/04\/20230212_BMHalle2-1024x267.jpg 1024w, https:\/\/sgeltersdorf.de\/WP\/wp-content\/uploads\/2023\/04\/20230212_BMHalle2-300x78.jpg 300w, https:\/\/sgeltersdorf.de\/WP\/wp-content\/uploads\/2023\/04\/20230212_BMHalle2-768x200.jpg 768w, https:\/\/sgeltersdorf.de\/WP\/wp-content\/uploads\/2023\/04\/20230212_BMHalle2-1536x401.jpg 1536w, https:\/\/sgeltersdorf.de\/WP\/wp-content\/uploads\/2023\/04\/20230212_BMHalle2-2048x534.jpg 2048w\" sizes=\"auto, (max-width: 1024px) 100vw, 1024px\" \/>\t\t\t\t\t\t\t\t\t\t\t\t\t\t\t<\/p>\n<p>&#8230;f\u00f6rdert kognitive F\u00e4higkeiten wie Entschlossenheit, mentalen Fokus, Konzentration und Entscheidungsf\u00e4higkeit.<\/p>\n<p>&#8230;st\u00e4rkt K\u00f6rperbewusstsein und Kraft, bei regelm\u00e4\u00dfigem Training werden Muskeln aufgebaut und innerer Stress abgebaut.<\/p>\n<h2><strong>In unserem Verein&#8230;<\/strong><\/h2>\n<p>&#8230;bieten wir die olympische Disziplin Recurve sowie Blankbogen an.<\/p>\n<p>&#8230;feiern wir Siege gro\u00df, unterst\u00fctzen uns aber auch gegenseitig dabei, mit Niederlagen umzugehen &#8211; denn Gemeinschaft wird bei uns gro\u00df geschrieben.<\/p>\n<p>&#8230;finden sowohl Freizeitsch\u00fctz*innen als auch ambitioniere Wettk\u00e4mpfer*innen ab 10 Jahre (empfohlen) ihren Platz.<\/p>\n<p>\u00a0<\/p>\n<p>\t\t\t\t\t\t\t\t\t\t\t\t\t\t\t<img loading=\"lazy\" decoding=\"async\" width=\"876\" height=\"1024\" src=\"https:\/\/sgeltersdorf.de\/WP\/wp-content\/uploads\/2023\/04\/20230212_BMHalle1-876x1024.png\" alt=\"\" loading=\"lazy\" srcset=\"https:\/\/sgeltersdorf.de\/WP\/wp-content\/uploads\/2023\/04\/20230212_BMHalle1-876x1024.png 876w, https:\/\/sgeltersdorf.de\/WP\/wp-content\/uploads\/2023\/04\/20230212_BMHalle1-257x300.png 257w, https:\/\/sgeltersdorf.de\/WP\/wp-content\/uploads\/2023\/04\/20230212_BMHalle1-768x897.png 768w, https:\/\/sgeltersdorf.de\/WP\/wp-content\/uploads\/2023\/04\/20230212_BMHalle1.png 908w\" sizes=\"auto, (max-width: 876px) 100vw, 876px\" \/><\/p>\n","protected":false},"excerpt":{"rendered":"<p>Das Bogenschie\u00dfen allgemein&#8230; &#8230;f\u00f6rdert kognitive F\u00e4higkeiten wie Entschlossenheit, mentalen Fokus, Konzentration und Entscheidungsf\u00e4higkeit. &#8230;st\u00e4rkt K\u00f6rperbewusstsein und Kraft, bei regelm\u00e4\u00dfigem Training werden Muskeln aufgebaut und innerer Stress abgebaut. In unserem Verein&#8230; &#8230;bieten wir die olympische Disziplin Recurve sowie Blankbogen an. &#8230;feiern wir Siege gro\u00df, unterst\u00fctzen uns aber auch gegenseitig dabei, mit Niederlagen umzugehen &#8211; denn Gemeinschaft &#8230; <a title=\"Der Bogensport\" class=\"read-more\" href=\"https:\/\/sgeltersdorf.de\/WP\/der-bogensport\/\" aria-label=\"Mehr Informationen \u00fcber Der Bogensport\">Weiterlesen<\/a><\/p>\n","protected":false},"author":6,"featured_media":0,"parent":0,"menu_order":0,"comment_status":"closed","ping_status":"closed","template":"","meta":{"footnotes":""},"class_list":["post-578","page","type-page","status-publish"],"_links":{"self":[{"href":"https:\/\/sgeltersdorf.de\/WP\/wp-json\/wp\/v2\/pages\/578","targetHints":{"allow":["GET"]}}],"collection":[{"href":"https:\/\/sgeltersdorf.de\/WP\/wp-json\/wp\/v2\/pages"}],"about":[{"href":"https:\/\/sgeltersdorf.de\/WP\/wp-json\/wp\/v2\/types\/page"}],"author":[{"embeddable":true,"href":"https:\/\/sgeltersdorf.de\/WP\/wp-json\/wp\/v2\/users\/6"}],"replies":[{"embeddable":true,"href":"https:\/\/sgeltersdorf.de\/WP\/wp-json\/wp\/v2\/comments?post=578"}],"version-history":[{"count":30,"href":"https:\/\/sgeltersdorf.de\/WP\/wp-json\/wp\/v2\/pages\/578\/revisions"}],"predecessor-version":[{"id":1136,"href":"https:\/\/sgeltersdorf.de\/WP\/wp-json\/wp\/v2\/pages\/578\/revisions\/1136"}],"wp:attachment":[{"href":"https:\/\/sgeltersdorf.de\/WP\/wp-json\/wp\/v2\/media?parent=578"}],"curies":[{"name":"wp","href":"https:\/\/api.w.org\/{rel}","templated":true}]}}