{"id":19,"date":"2022-06-22T13:35:02","date_gmt":"2022-06-22T11:35:02","guid":{"rendered":"https:\/\/sgeltersdorf.de\/WP\/?page_id=19"},"modified":"2025-07-12T16:11:40","modified_gmt":"2025-07-12T14:11:40","slug":"impressum","status":"publish","type":"page","link":"https:\/\/sgeltersdorf.de\/WP\/impressum\/","title":{"rendered":"Impressum"},"content":{"rendered":"\t\t<div data-elementor-type=\"wp-page\" data-elementor-id=\"19\" class=\"elementor elementor-19\">\n\t\t\t\t\t\t<section class=\"elementor-section elementor-top-section elementor-element elementor-element-8b092d2 elementor-section-boxed elementor-section-height-default elementor-section-height-default\" data-id=\"8b092d2\" data-element_type=\"section\" data-e-type=\"section\">\n\t\t\t\t\t\t<div class=\"elementor-container elementor-column-gap-default\">\n\t\t\t\t\t<div class=\"elementor-column elementor-col-100 elementor-top-column elementor-element elementor-element-aded32b\" data-id=\"aded32b\" data-element_type=\"column\" data-e-type=\"column\">\n\t\t\t<div class=\"elementor-widget-wrap elementor-element-populated\">\n\t\t\t\t\t\t<div class=\"elementor-element elementor-element-623650c elementor-widget elementor-widget-text-editor\" data-id=\"623650c\" data-element_type=\"widget\" data-e-type=\"widget\" data-widget_type=\"text-editor.default\">\n\t\t\t\t<div class=\"elementor-widget-container\">\n\t\t\t\t\t\t\t\t\t<p>Angaben gem\u00e4\u00df \u00a7 5 TMG<\/p>\n<p>Sch\u00fctzengesellschaft Eltersdorf 1913 e. V.<br>Schie\u00dfhausstra\u00dfe 3<br>91058 Erlangen-Eltersdorf<br>Vereinsregister: 20121<br>Registergericht: Amtsgericht F\u00fcrth<\/p>\n<h3>Vertreten durch:<\/h3>\n<p>1. Sch\u00fctzenmeister<br>G\u00fcnter Wahl<br>Eginoplatz 7<br>91056 Erlangen<br>Telefon: 0174 4580131<\/p>\n<p>2. Sch\u00fctzenmeister<br>Gilbert Pletzer<br>Eytstra\u00dfe 18<br>91058 Erlangen<br>Telefon: 09131 64296<\/p>\n<h3>Kontakt<\/h3>\n<p>E-Mail: info@sg-eltersdorf.de<br>Telefon: 0174 4580131<\/p>\n<h3>Redaktionell verantwortlich<\/h3>\n<p>Gregory Munro<br>Tulpenweg 13<br>91056 Erlangen<\/p>\n<h3>Verbraucherstreitbeilegung\/Universalschlichtungsstelle<\/h3>\n<p>Wir sind nicht bereit oder verpflichtet, an Streitbeilegungsverfahren vor einer<br>Verbraucherschlichtungsstelle teilzunehmen.<\/p>\t\t\t\t\t\t\t\t<\/div>\n\t\t\t\t<\/div>\n\t\t\t\t\t<\/div>\n\t\t<\/div>\n\t\t\t\t\t<\/div>\n\t\t<\/section>\n\t\t\t\t<\/div>\n\t\t","protected":false},"excerpt":{"rendered":"<p>Angaben gem\u00e4\u00df \u00a7 5 TMG Sch\u00fctzengesellschaft Eltersdorf 1913 e. V.Schie\u00dfhausstra\u00dfe 391058 Erlangen-EltersdorfVereinsregister: 20121Registergericht: Amtsgericht F\u00fcrth Vertreten durch: 1. Sch\u00fctzenmeisterG\u00fcnter WahlEginoplatz 791056 ErlangenTelefon: 0174 4580131 2. Sch\u00fctzenmeisterGilbert PletzerEytstra\u00dfe 1891058 ErlangenTelefon: 09131 64296 Kontakt E-Mail: info@sg-eltersdorf.deTelefon: 0174 4580131 Redaktionell verantwortlich Gregory MunroTulpenweg 1391056 Erlangen Verbraucherstreitbeilegung\/Universalschlichtungsstelle Wir sind nicht bereit oder verpflichtet, an Streitbeilegungsverfahren vor einerVerbraucherschlichtungsstelle teilzunehmen.<\/p>\n","protected":false},"author":6,"featured_media":0,"parent":0,"menu_order":0,"comment_status":"closed","ping_status":"closed","template":"","meta":{"footnotes":""},"class_list":["post-19","page","type-page","status-publish"],"_links":{"self":[{"href":"https:\/\/sgeltersdorf.de\/WP\/wp-json\/wp\/v2\/pages\/19","targetHints":{"allow":["GET"]}}],"collection":[{"href":"https:\/\/sgeltersdorf.de\/WP\/wp-json\/wp\/v2\/pages"}],"about":[{"href":"https:\/\/sgeltersdorf.de\/WP\/wp-json\/wp\/v2\/types\/page"}],"author":[{"embeddable":true,"href":"https:\/\/sgeltersdorf.de\/WP\/wp-json\/wp\/v2\/users\/6"}],"replies":[{"embeddable":true,"href":"https:\/\/sgeltersdorf.de\/WP\/wp-json\/wp\/v2\/comments?post=19"}],"version-history":[{"count":15,"href":"https:\/\/sgeltersdorf.de\/WP\/wp-json\/wp\/v2\/pages\/19\/revisions"}],"predecessor-version":[{"id":1731,"href":"https:\/\/sgeltersdorf.de\/WP\/wp-json\/wp\/v2\/pages\/19\/revisions\/1731"}],"wp:attachment":[{"href":"https:\/\/sgeltersdorf.de\/WP\/wp-json\/wp\/v2\/media?parent=19"}],"curies":[{"name":"wp","href":"https:\/\/api.w.org\/{rel}","templated":true}]}}