{"id":1788,"date":"2025-07-15T10:47:19","date_gmt":"2025-07-15T08:47:19","guid":{"rendered":"https:\/\/sgeltersdorf.de\/WP\/?page_id=1788"},"modified":"2025-07-15T10:49:47","modified_gmt":"2025-07-15T08:49:47","slug":"ueber-blasrohr","status":"publish","type":"page","link":"https:\/\/sgeltersdorf.de\/WP\/ueber-blasrohr\/","title":{"rendered":"\u00dcber Blasrohr"},"content":{"rendered":"\t\t<div data-elementor-type=\"wp-page\" data-elementor-id=\"1788\" class=\"elementor elementor-1788\">\n\t\t\t\t\t\t<section class=\"elementor-section elementor-top-section elementor-element elementor-element-69c15da elementor-section-boxed elementor-section-height-default elementor-section-height-default\" data-id=\"69c15da\" data-element_type=\"section\" data-e-type=\"section\">\n\t\t\t\t\t\t<div class=\"elementor-container elementor-column-gap-default\">\n\t\t\t\t\t<div class=\"elementor-column elementor-col-100 elementor-top-column elementor-element elementor-element-ac84bec\" data-id=\"ac84bec\" data-element_type=\"column\" data-e-type=\"column\">\n\t\t\t<div class=\"elementor-widget-wrap elementor-element-populated\">\n\t\t\t\t\t\t<div class=\"elementor-element elementor-element-a0ac7cf elementor-widget elementor-widget-text-editor\" data-id=\"a0ac7cf\" data-element_type=\"widget\" data-e-type=\"widget\" data-widget_type=\"text-editor.default\">\n\t\t\t\t<div class=\"elementor-widget-container\">\n\t\t\t\t\t\t\t\t\t<p>Neben dem Training steht Spa\u00df und Freude im Mittelpunkt.<\/p><p>Dabei gibt immer etwas zu tun. Wir helfen uns gegenseitig, bauen zusammen unsere Blasrohrh\u00fcllen oder haben einfach miteinander Spa\u00df beim\u2026<\/p>\t\t\t\t\t\t\t\t<\/div>\n\t\t\t\t<\/div>\n\t\t\t\t\t<\/div>\n\t\t<\/div>\n\t\t\t\t\t<\/div>\n\t\t<\/section>\n\t\t\t\t<section class=\"elementor-section elementor-top-section elementor-element elementor-element-96e4913 elementor-section-boxed elementor-section-height-default elementor-section-height-default\" data-id=\"96e4913\" data-element_type=\"section\" data-e-type=\"section\">\n\t\t\t\t\t\t<div class=\"elementor-container elementor-column-gap-default\">\n\t\t\t\t\t<div class=\"elementor-column elementor-col-50 elementor-top-column elementor-element elementor-element-347ec8f\" data-id=\"347ec8f\" data-element_type=\"column\" data-e-type=\"column\">\n\t\t\t<div class=\"elementor-widget-wrap elementor-element-populated\">\n\t\t\t\t\t\t<div class=\"elementor-element elementor-element-3e579de elementor-widget__width-initial elementor-widget elementor-widget-image\" data-id=\"3e579de\" data-element_type=\"widget\" data-e-type=\"widget\" data-widget_type=\"image.default\">\n\t\t\t\t<div class=\"elementor-widget-container\">\n\t\t\t\t\t\t\t\t\t\t\t\t\t\t\t<img fetchpriority=\"high\" decoding=\"async\" width=\"837\" height=\"677\" src=\"https:\/\/sgeltersdorf.de\/WP\/wp-content\/uploads\/2025\/07\/Picture3.jpg\" class=\"attachment-large size-large wp-image-1802\" alt=\"\" srcset=\"https:\/\/sgeltersdorf.de\/WP\/wp-content\/uploads\/2025\/07\/Picture3.jpg 837w, https:\/\/sgeltersdorf.de\/WP\/wp-content\/uploads\/2025\/07\/Picture3-300x243.jpg 300w, https:\/\/sgeltersdorf.de\/WP\/wp-content\/uploads\/2025\/07\/Picture3-768x621.jpg 768w\" sizes=\"(max-width: 837px) 100vw, 837px\" \/>\t\t\t\t\t\t\t\t\t\t\t\t\t\t\t<\/div>\n\t\t\t\t<\/div>\n\t\t\t\t<div class=\"elementor-element elementor-element-a2d1523 elementor-widget elementor-widget-text-editor\" data-id=\"a2d1523\" data-element_type=\"widget\" data-e-type=\"widget\" data-widget_type=\"text-editor.default\">\n\t\t\t\t<div class=\"elementor-widget-container\">\n\t\t\t\t\t\t\t\t\t<p>\u00a0<\/p><p>\u00a0<\/p><p style=\"text-align: right;\">&#8230;Johannisfeuer&#8230;<\/p><p style=\"text-align: right;\">&#8230;und vielen anderen Aktionen.<\/p>\t\t\t\t\t\t\t\t<\/div>\n\t\t\t\t<\/div>\n\t\t\t\t\t<\/div>\n\t\t<\/div>\n\t\t\t\t<div class=\"elementor-column elementor-col-50 elementor-top-column elementor-element elementor-element-84ad8e5\" data-id=\"84ad8e5\" data-element_type=\"column\" data-e-type=\"column\">\n\t\t\t<div class=\"elementor-widget-wrap elementor-element-populated\">\n\t\t\t\t\t\t<div class=\"elementor-element elementor-element-dd17d55 elementor-widget elementor-widget-text-editor\" data-id=\"dd17d55\" data-element_type=\"widget\" data-e-type=\"widget\" data-widget_type=\"text-editor.default\">\n\t\t\t\t<div class=\"elementor-widget-container\">\n\t\t\t\t\t\t\t\t\t<p>&#8230;Osterschie\u00dfen&#8230;<\/p><p>\u00a0<\/p>\t\t\t\t\t\t\t\t<\/div>\n\t\t\t\t<\/div>\n\t\t\t\t<div class=\"elementor-element elementor-element-05a2ac7 elementor-widget__width-initial elementor-widget elementor-widget-image\" data-id=\"05a2ac7\" data-element_type=\"widget\" data-e-type=\"widget\" data-widget_type=\"image.default\">\n\t\t\t\t<div class=\"elementor-widget-container\">\n\t\t\t\t\t\t\t\t\t\t\t\t\t\t\t<img decoding=\"async\" width=\"506\" height=\"730\" src=\"https:\/\/sgeltersdorf.de\/WP\/wp-content\/uploads\/2025\/07\/Picture2-1-e1752569204415.jpg\" class=\"attachment-large size-large wp-image-1798\" alt=\"\" srcset=\"https:\/\/sgeltersdorf.de\/WP\/wp-content\/uploads\/2025\/07\/Picture2-1-e1752569204415.jpg 506w, https:\/\/sgeltersdorf.de\/WP\/wp-content\/uploads\/2025\/07\/Picture2-1-e1752569204415-208x300.jpg 208w\" sizes=\"(max-width: 506px) 100vw, 506px\" \/>\t\t\t\t\t\t\t\t\t\t\t\t\t\t\t<\/div>\n\t\t\t\t<\/div>\n\t\t\t\t\t<\/div>\n\t\t<\/div>\n\t\t\t\t\t<\/div>\n\t\t<\/section>\n\t\t\t\t<\/div>\n\t\t","protected":false},"excerpt":{"rendered":"<p>Neben dem Training steht Spa\u00df und Freude im Mittelpunkt. Dabei gibt immer etwas zu tun. Wir helfen uns gegenseitig, bauen zusammen unsere Blasrohrh\u00fcllen oder haben einfach miteinander Spa\u00df beim\u2026 \u00a0 \u00a0 &#8230;Johannisfeuer&#8230; &#8230;und vielen anderen Aktionen. &#8230;Osterschie\u00dfen&#8230; \u00a0<\/p>\n","protected":false},"author":6,"featured_media":0,"parent":0,"menu_order":0,"comment_status":"closed","ping_status":"closed","template":"","meta":{"footnotes":""},"class_list":["post-1788","page","type-page","status-publish"],"_links":{"self":[{"href":"https:\/\/sgeltersdorf.de\/WP\/wp-json\/wp\/v2\/pages\/1788","targetHints":{"allow":["GET"]}}],"collection":[{"href":"https:\/\/sgeltersdorf.de\/WP\/wp-json\/wp\/v2\/pages"}],"about":[{"href":"https:\/\/sgeltersdorf.de\/WP\/wp-json\/wp\/v2\/types\/page"}],"author":[{"embeddable":true,"href":"https:\/\/sgeltersdorf.de\/WP\/wp-json\/wp\/v2\/users\/6"}],"replies":[{"embeddable":true,"href":"https:\/\/sgeltersdorf.de\/WP\/wp-json\/wp\/v2\/comments?post=1788"}],"version-history":[{"count":7,"href":"https:\/\/sgeltersdorf.de\/WP\/wp-json\/wp\/v2\/pages\/1788\/revisions"}],"predecessor-version":[{"id":1805,"href":"https:\/\/sgeltersdorf.de\/WP\/wp-json\/wp\/v2\/pages\/1788\/revisions\/1805"}],"wp:attachment":[{"href":"https:\/\/sgeltersdorf.de\/WP\/wp-json\/wp\/v2\/media?parent=1788"}],"curies":[{"name":"wp","href":"https:\/\/api.w.org\/{rel}","templated":true}]}}