{"id":1737,"date":"2025-07-14T19:37:52","date_gmt":"2025-07-14T17:37:52","guid":{"rendered":"https:\/\/sgeltersdorf.de\/WP\/?page_id=1737"},"modified":"2025-07-14T19:37:57","modified_gmt":"2025-07-14T17:37:57","slug":"das-blasrohr","status":"publish","type":"page","link":"https:\/\/sgeltersdorf.de\/WP\/das-blasrohr\/","title":{"rendered":"Das Blasrohr"},"content":{"rendered":"\t\t<div data-elementor-type=\"wp-page\" data-elementor-id=\"1737\" class=\"elementor elementor-1737\">\n\t\t\t\t\t\t<section class=\"elementor-section elementor-top-section elementor-element elementor-element-73f182d elementor-section-boxed elementor-section-height-default elementor-section-height-default\" data-id=\"73f182d\" data-element_type=\"section\" data-e-type=\"section\">\n\t\t\t\t\t\t<div class=\"elementor-container elementor-column-gap-default\">\n\t\t\t\t\t<div class=\"elementor-column elementor-col-100 elementor-top-column elementor-element elementor-element-46f9280\" data-id=\"46f9280\" data-element_type=\"column\" data-e-type=\"column\">\n\t\t\t<div class=\"elementor-widget-wrap elementor-element-populated\">\n\t\t\t\t\t\t<div class=\"elementor-element elementor-element-5b4bb95 elementor-widget__width-initial elementor-widget elementor-widget-image\" data-id=\"5b4bb95\" data-element_type=\"widget\" data-e-type=\"widget\" data-widget_type=\"image.default\">\n\t\t\t\t<div class=\"elementor-widget-container\">\n\t\t\t\t\t\t\t\t\t\t\t\t\t\t\t<img fetchpriority=\"high\" decoding=\"async\" width=\"1024\" height=\"682\" src=\"https:\/\/sgeltersdorf.de\/WP\/wp-content\/uploads\/2025\/07\/Picture1-1024x682.jpg\" class=\"attachment-large size-large wp-image-1739\" alt=\"\" srcset=\"https:\/\/sgeltersdorf.de\/WP\/wp-content\/uploads\/2025\/07\/Picture1-1024x682.jpg 1024w, https:\/\/sgeltersdorf.de\/WP\/wp-content\/uploads\/2025\/07\/Picture1-300x200.jpg 300w, https:\/\/sgeltersdorf.de\/WP\/wp-content\/uploads\/2025\/07\/Picture1-768x512.jpg 768w, https:\/\/sgeltersdorf.de\/WP\/wp-content\/uploads\/2025\/07\/Picture1.jpg 1169w\" sizes=\"(max-width: 1024px) 100vw, 1024px\" \/>\t\t\t\t\t\t\t\t\t\t\t\t\t\t\t<\/div>\n\t\t\t\t<\/div>\n\t\t\t\t\t<\/div>\n\t\t<\/div>\n\t\t\t\t\t<\/div>\n\t\t<\/section>\n\t\t\t\t<section class=\"elementor-section elementor-top-section elementor-element elementor-element-5caae5c elementor-section-boxed elementor-section-height-default elementor-section-height-default\" data-id=\"5caae5c\" data-element_type=\"section\" data-e-type=\"section\">\n\t\t\t\t\t\t<div class=\"elementor-container elementor-column-gap-wide\">\n\t\t\t\t\t<div class=\"elementor-column elementor-col-100 elementor-top-column elementor-element elementor-element-3594aba\" data-id=\"3594aba\" data-element_type=\"column\" data-e-type=\"column\">\n\t\t\t<div class=\"elementor-widget-wrap elementor-element-populated\">\n\t\t\t\t\t\t<div class=\"elementor-element elementor-element-d746709 elementor-widget__width-initial elementor-widget elementor-widget-text-editor\" data-id=\"d746709\" data-element_type=\"widget\" data-e-type=\"widget\" data-widget_type=\"text-editor.default\">\n\t\t\t\t<div class=\"elementor-widget-container\">\n\t\t\t\t\t\t\t\t\t<p>Die noch junge Sportart erfreut sich immer gr\u00f6\u00dferer Beliebtheit und erlebt eine rasante Entwicklung. Viele schmunzeln zun\u00e4chst, doch sobald man es erst einmal ausprobiert hat, entdeckt man eine Sportart, die viel Spa\u00df mit sich bringt und zugleich die Konzentration und das Lungenvolumen f\u00f6rdert, Pr\u00e4zision und innere Ruhe \u00fcbt.<br \/>Es ist ein Sport f\u00fcr die ganze Familie, ob mit oder ohne Handicap. Sobald eine Kerze ausgepustet werden kann, sind schon alle Grundvoraussetzungen erf\u00fcllt, um die leicht zu erlernende Sportart auszuf\u00fchren.<br \/>Bei uns sind Erwachsenen und Kinder ab ca. 9 Jahren willkommen.<\/p>\t\t\t\t\t\t\t\t<\/div>\n\t\t\t\t<\/div>\n\t\t\t\t<div class=\"elementor-element elementor-element-1f116ae elementor-widget__width-initial elementor-widget elementor-widget-image\" data-id=\"1f116ae\" data-element_type=\"widget\" data-e-type=\"widget\" data-widget_type=\"image.default\">\n\t\t\t\t<div class=\"elementor-widget-container\">\n\t\t\t\t\t\t\t\t\t\t\t\t\t\t\t<img decoding=\"async\" width=\"541\" height=\"803\" src=\"https:\/\/sgeltersdorf.de\/WP\/wp-content\/uploads\/2025\/07\/Picture2.jpg\" class=\"attachment-large size-large wp-image-1740\" alt=\"\" srcset=\"https:\/\/sgeltersdorf.de\/WP\/wp-content\/uploads\/2025\/07\/Picture2.jpg 541w, https:\/\/sgeltersdorf.de\/WP\/wp-content\/uploads\/2025\/07\/Picture2-202x300.jpg 202w\" sizes=\"(max-width: 541px) 100vw, 541px\" \/>\t\t\t\t\t\t\t\t\t\t\t\t\t\t\t<\/div>\n\t\t\t\t<\/div>\n\t\t\t\t\t<\/div>\n\t\t<\/div>\n\t\t\t\t\t<\/div>\n\t\t<\/section>\n\t\t\t\t<\/div>\n\t\t","protected":false},"excerpt":{"rendered":"<p>Die noch junge Sportart erfreut sich immer gr\u00f6\u00dferer Beliebtheit und erlebt eine rasante Entwicklung. Viele schmunzeln zun\u00e4chst, doch sobald man es erst einmal ausprobiert hat, entdeckt man eine Sportart, die viel Spa\u00df mit sich bringt und zugleich die Konzentration und das Lungenvolumen f\u00f6rdert, Pr\u00e4zision und innere Ruhe \u00fcbt.Es ist ein Sport f\u00fcr die ganze Familie, &#8230; <a title=\"Das Blasrohr\" class=\"read-more\" href=\"https:\/\/sgeltersdorf.de\/WP\/das-blasrohr\/\" aria-label=\"Mehr Informationen \u00fcber Das Blasrohr\">Weiterlesen<\/a><\/p>\n","protected":false},"author":6,"featured_media":0,"parent":0,"menu_order":0,"comment_status":"closed","ping_status":"closed","template":"","meta":{"footnotes":""},"class_list":["post-1737","page","type-page","status-publish"],"_links":{"self":[{"href":"https:\/\/sgeltersdorf.de\/WP\/wp-json\/wp\/v2\/pages\/1737","targetHints":{"allow":["GET"]}}],"collection":[{"href":"https:\/\/sgeltersdorf.de\/WP\/wp-json\/wp\/v2\/pages"}],"about":[{"href":"https:\/\/sgeltersdorf.de\/WP\/wp-json\/wp\/v2\/types\/page"}],"author":[{"embeddable":true,"href":"https:\/\/sgeltersdorf.de\/WP\/wp-json\/wp\/v2\/users\/6"}],"replies":[{"embeddable":true,"href":"https:\/\/sgeltersdorf.de\/WP\/wp-json\/wp\/v2\/comments?post=1737"}],"version-history":[{"count":7,"href":"https:\/\/sgeltersdorf.de\/WP\/wp-json\/wp\/v2\/pages\/1737\/revisions"}],"predecessor-version":[{"id":1746,"href":"https:\/\/sgeltersdorf.de\/WP\/wp-json\/wp\/v2\/pages\/1737\/revisions\/1746"}],"wp:attachment":[{"href":"https:\/\/sgeltersdorf.de\/WP\/wp-json\/wp\/v2\/media?parent=1737"}],"curies":[{"name":"wp","href":"https:\/\/api.w.org\/{rel}","templated":true}]}}