{"id":17,"date":"2022-06-22T13:34:45","date_gmt":"2022-06-22T11:34:45","guid":{"rendered":"https:\/\/sgeltersdorf.de\/WP\/?page_id=17"},"modified":"2024-03-01T08:22:29","modified_gmt":"2024-03-01T07:22:29","slug":"kontakt-und-anfahrt","status":"publish","type":"page","link":"https:\/\/sgeltersdorf.de\/WP\/kontakt-und-anfahrt\/","title":{"rendered":"Kontakt und Anfahrt"},"content":{"rendered":"\t\t<div data-elementor-type=\"wp-page\" data-elementor-id=\"17\" class=\"elementor elementor-17\">\n\t\t\t\t\t\t<section class=\"elementor-section elementor-top-section elementor-element elementor-element-433f238 elementor-section-boxed elementor-section-height-default elementor-section-height-default\" data-id=\"433f238\" data-element_type=\"section\" data-e-type=\"section\">\n\t\t\t\t\t\t<div class=\"elementor-container elementor-column-gap-default\">\n\t\t\t\t\t<div class=\"elementor-column elementor-col-100 elementor-top-column elementor-element elementor-element-39cd175\" data-id=\"39cd175\" data-element_type=\"column\" data-e-type=\"column\">\n\t\t\t<div class=\"elementor-widget-wrap elementor-element-populated\">\n\t\t\t\t\t\t<div class=\"elementor-element elementor-element-a178a16 elementor-widget elementor-widget-text-editor\" data-id=\"a178a16\" data-element_type=\"widget\" data-e-type=\"widget\" data-widget_type=\"text-editor.default\">\n\t\t\t\t<div class=\"elementor-widget-container\">\n\t\t\t\t\t\t\t\t\t<p><strong>So k\u00f6nnt ihr uns erreichen:<\/strong><\/p>\t\t\t\t\t\t\t\t<\/div>\n\t\t\t\t<\/div>\n\t\t\t\t\t<\/div>\n\t\t<\/div>\n\t\t\t\t\t<\/div>\n\t\t<\/section>\n\t\t\t\t<section class=\"elementor-section elementor-top-section elementor-element elementor-element-422ef78 elementor-section-boxed elementor-section-height-default elementor-section-height-default\" data-id=\"422ef78\" data-element_type=\"section\" data-e-type=\"section\">\n\t\t\t\t\t\t<div class=\"elementor-container elementor-column-gap-default\">\n\t\t\t\t\t<div class=\"elementor-column elementor-col-100 elementor-top-column elementor-element elementor-element-527af90\" data-id=\"527af90\" data-element_type=\"column\" data-e-type=\"column\">\n\t\t\t<div class=\"elementor-widget-wrap elementor-element-populated\">\n\t\t\t\t\t\t<div class=\"elementor-element elementor-element-ee0d87b elementor-widget elementor-widget-text-editor\" data-id=\"ee0d87b\" data-element_type=\"widget\" data-e-type=\"widget\" data-widget_type=\"text-editor.default\">\n\t\t\t\t<div class=\"elementor-widget-container\">\n\t\t\t\t\t\t\t\t\t<p>Schreibt uns einfach eine Mail an:\u00a0<a href=\"mailto:info@sg-eltersdorf.de\">info@sg-eltersdorf.de<\/a><\/p>\t\t\t\t\t\t\t\t<\/div>\n\t\t\t\t<\/div>\n\t\t\t\t\t<\/div>\n\t\t<\/div>\n\t\t\t\t\t<\/div>\n\t\t<\/section>\n\t\t\t\t<section class=\"elementor-section elementor-top-section elementor-element elementor-element-60ca9a3 elementor-section-boxed elementor-section-height-default elementor-section-height-default\" data-id=\"60ca9a3\" data-element_type=\"section\" data-e-type=\"section\">\n\t\t\t\t\t\t<div class=\"elementor-container elementor-column-gap-default\">\n\t\t\t\t\t<div class=\"elementor-column elementor-col-100 elementor-top-column elementor-element elementor-element-10db3aa\" data-id=\"10db3aa\" data-element_type=\"column\" data-e-type=\"column\">\n\t\t\t<div class=\"elementor-widget-wrap elementor-element-populated\">\n\t\t\t\t\t\t<div class=\"elementor-element elementor-element-bb99c99 elementor-widget-divider--view-line elementor-widget elementor-widget-divider\" data-id=\"bb99c99\" data-element_type=\"widget\" data-e-type=\"widget\" data-widget_type=\"divider.default\">\n\t\t\t\t<div class=\"elementor-widget-container\">\n\t\t\t\t\t\t\t<div class=\"elementor-divider\">\n\t\t\t<span class=\"elementor-divider-separator\">\n\t\t\t\t\t\t<\/span>\n\t\t<\/div>\n\t\t\t\t\t\t<\/div>\n\t\t\t\t<\/div>\n\t\t\t\t\t<\/div>\n\t\t<\/div>\n\t\t\t\t\t<\/div>\n\t\t<\/section>\n\t\t\t\t<section class=\"elementor-section elementor-top-section elementor-element elementor-element-5acc8a3 elementor-section-boxed elementor-section-height-default elementor-section-height-default\" data-id=\"5acc8a3\" data-element_type=\"section\" data-e-type=\"section\">\n\t\t\t\t\t\t<div class=\"elementor-container elementor-column-gap-default\">\n\t\t\t\t\t<div class=\"elementor-column elementor-col-100 elementor-top-column elementor-element elementor-element-4fee298\" data-id=\"4fee298\" data-element_type=\"column\" data-e-type=\"column\">\n\t\t\t<div class=\"elementor-widget-wrap elementor-element-populated\">\n\t\t\t\t\t\t<div class=\"elementor-element elementor-element-066d55a elementor-widget elementor-widget-text-editor\" data-id=\"066d55a\" data-element_type=\"widget\" data-e-type=\"widget\" data-widget_type=\"text-editor.default\">\n\t\t\t\t<div class=\"elementor-widget-container\">\n\t\t\t\t\t\t\t\t\t<p><strong>Hier k\u00f6nnt ihr uns finden:<\/strong><\/p>\t\t\t\t\t\t\t\t<\/div>\n\t\t\t\t<\/div>\n\t\t\t\t\t<\/div>\n\t\t<\/div>\n\t\t\t\t\t<\/div>\n\t\t<\/section>\n\t\t\t\t<section class=\"elementor-section elementor-top-section elementor-element elementor-element-2810cf3 elementor-section-boxed elementor-section-height-default elementor-section-height-default\" data-id=\"2810cf3\" data-element_type=\"section\" data-e-type=\"section\">\n\t\t\t\t\t\t<div class=\"elementor-container elementor-column-gap-default\">\n\t\t\t\t\t<div class=\"elementor-column elementor-col-50 elementor-top-column elementor-element elementor-element-d6aa02a\" data-id=\"d6aa02a\" data-element_type=\"column\" data-e-type=\"column\">\n\t\t\t<div class=\"elementor-widget-wrap elementor-element-populated\">\n\t\t\t\t\t\t<div class=\"elementor-element elementor-element-fd1216d elementor-widget-laptop__width-initial elementor-widget elementor-widget-image\" data-id=\"fd1216d\" data-element_type=\"widget\" data-e-type=\"widget\" data-widget_type=\"image.default\">\n\t\t\t\t<div class=\"elementor-widget-container\">\n\t\t\t\t\t\t\t\t\t\t\t\t\t\t\t<img decoding=\"async\" src=\"https:\/\/sgeltersdorf.de\/WP\/wp-content\/uploads\/elementor\/thumbs\/Anfahrt2-2-q4tdu5p5b5kb247ozhdjpjb743yhgqkaya2314qwow.jpg\" title=\"Anfahrt2-2\" alt=\"Anfahrt2-2\" loading=\"lazy\" \/>\t\t\t\t\t\t\t\t\t\t\t\t\t\t\t<\/div>\n\t\t\t\t<\/div>\n\t\t\t\t\t<\/div>\n\t\t<\/div>\n\t\t\t\t<div class=\"elementor-column elementor-col-50 elementor-top-column elementor-element elementor-element-9765805\" data-id=\"9765805\" data-element_type=\"column\" data-e-type=\"column\">\n\t\t\t<div class=\"elementor-widget-wrap elementor-element-populated\">\n\t\t\t\t\t\t<div class=\"elementor-element elementor-element-5ad84f4 elementor-widget-laptop__width-initial elementor-widget elementor-widget-image\" data-id=\"5ad84f4\" data-element_type=\"widget\" data-e-type=\"widget\" data-widget_type=\"image.default\">\n\t\t\t\t<div class=\"elementor-widget-container\">\n\t\t\t\t\t\t\t\t\t\t\t\t\t\t\t<img decoding=\"async\" src=\"https:\/\/sgeltersdorf.de\/WP\/wp-content\/uploads\/elementor\/thumbs\/Anfahrt1-2-q4tdu6mzhzlldq6btzs6a12nphtuofo1aepkiepiio.jpg\" title=\"Anfahrt1-2\" alt=\"Anfahrt1-2\" loading=\"lazy\" \/>\t\t\t\t\t\t\t\t\t\t\t\t\t\t\t<\/div>\n\t\t\t\t<\/div>\n\t\t\t\t\t<\/div>\n\t\t<\/div>\n\t\t\t\t\t<\/div>\n\t\t<\/section>\n\t\t\t\t<section class=\"elementor-section elementor-top-section elementor-element elementor-element-b177b6b elementor-section-boxed elementor-section-height-default elementor-section-height-default\" data-id=\"b177b6b\" data-element_type=\"section\" data-e-type=\"section\">\n\t\t\t\t\t\t<div class=\"elementor-container elementor-column-gap-default\">\n\t\t\t\t\t<div class=\"elementor-column elementor-col-50 elementor-top-column elementor-element elementor-element-e3ec901\" data-id=\"e3ec901\" data-element_type=\"column\" data-e-type=\"column\">\n\t\t\t<div class=\"elementor-widget-wrap elementor-element-populated\">\n\t\t\t\t\t\t<div class=\"elementor-element elementor-element-7206f21 elementor-widget elementor-widget-text-editor\" data-id=\"7206f21\" data-element_type=\"widget\" data-e-type=\"widget\" data-widget_type=\"text-editor.default\">\n\t\t\t\t<div class=\"elementor-widget-container\">\n\t\t\t\t\t\t\t\t\t<p>Bushaltestelle &#8222;Am Kreuzstein&#8220; (Linie 294) in Fu\u00dfn\u00e4he<\/p>\t\t\t\t\t\t\t\t<\/div>\n\t\t\t\t<\/div>\n\t\t\t\t\t<\/div>\n\t\t<\/div>\n\t\t\t\t<div class=\"elementor-column elementor-col-50 elementor-top-column elementor-element elementor-element-7a47ade\" data-id=\"7a47ade\" data-element_type=\"column\" data-e-type=\"column\">\n\t\t\t<div class=\"elementor-widget-wrap elementor-element-populated\">\n\t\t\t\t\t\t<div class=\"elementor-element elementor-element-a396d2d elementor-widget elementor-widget-text-editor\" data-id=\"a396d2d\" data-element_type=\"widget\" data-e-type=\"widget\" data-widget_type=\"text-editor.default\">\n\t\t\t\t<div class=\"elementor-widget-container\">\n\t\t\t\t\t\t\t\t\t<p>Anfahrt \u00fcber A73, A3 m\u00f6glich,\u00a0<span style=\"color: var( --e-global-color-text ); font-family: var( --e-global-typography-text-font-family ), Sans-serif; font-weight: var( --e-global-typography-text-font-weight ); background-color: var(--base-3);\">S1 Ausstieg Eltersdorf<\/span><\/p>\t\t\t\t\t\t\t\t<\/div>\n\t\t\t\t<\/div>\n\t\t\t\t\t<\/div>\n\t\t<\/div>\n\t\t\t\t\t<\/div>\n\t\t<\/section>\n\t\t\t\t<\/div>\n\t\t","protected":false},"excerpt":{"rendered":"<p>So k\u00f6nnt ihr uns erreichen: Schreibt uns einfach eine Mail an:\u00a0info@sg-eltersdorf.de Hier k\u00f6nnt ihr uns finden: Bushaltestelle &#8222;Am Kreuzstein&#8220; (Linie 294) in Fu\u00dfn\u00e4he Anfahrt \u00fcber A73, A3 m\u00f6glich,\u00a0S1 Ausstieg Eltersdorf<\/p>\n","protected":false},"author":6,"featured_media":0,"parent":0,"menu_order":0,"comment_status":"closed","ping_status":"closed","template":"","meta":{"footnotes":""},"class_list":["post-17","page","type-page","status-publish"],"_links":{"self":[{"href":"https:\/\/sgeltersdorf.de\/WP\/wp-json\/wp\/v2\/pages\/17","targetHints":{"allow":["GET"]}}],"collection":[{"href":"https:\/\/sgeltersdorf.de\/WP\/wp-json\/wp\/v2\/pages"}],"about":[{"href":"https:\/\/sgeltersdorf.de\/WP\/wp-json\/wp\/v2\/types\/page"}],"author":[{"embeddable":true,"href":"https:\/\/sgeltersdorf.de\/WP\/wp-json\/wp\/v2\/users\/6"}],"replies":[{"embeddable":true,"href":"https:\/\/sgeltersdorf.de\/WP\/wp-json\/wp\/v2\/comments?post=17"}],"version-history":[{"count":43,"href":"https:\/\/sgeltersdorf.de\/WP\/wp-json\/wp\/v2\/pages\/17\/revisions"}],"predecessor-version":[{"id":1433,"href":"https:\/\/sgeltersdorf.de\/WP\/wp-json\/wp\/v2\/pages\/17\/revisions\/1433"}],"wp:attachment":[{"href":"https:\/\/sgeltersdorf.de\/WP\/wp-json\/wp\/v2\/media?parent=17"}],"curies":[{"name":"wp","href":"https:\/\/api.w.org\/{rel}","templated":true}]}}