{"id":146,"date":"2022-06-22T14:28:16","date_gmt":"2022-06-22T12:28:16","guid":{"rendered":"https:\/\/sgeltersdorf.de\/WP\/?page_id=146"},"modified":"2023-05-15T13:53:41","modified_gmt":"2023-05-15T11:53:41","slug":"schuetzenjahr","status":"publish","type":"page","link":"https:\/\/sgeltersdorf.de\/WP\/schuetzenjahr\/","title":{"rendered":"Sch\u00fctzenjahr"},"content":{"rendered":"\t\t<div data-elementor-type=\"wp-page\" data-elementor-id=\"146\" class=\"elementor elementor-146\">\n\t\t\t\t\t\t<section class=\"elementor-section elementor-top-section elementor-element elementor-element-a56b25a elementor-section-boxed elementor-section-height-default elementor-section-height-default\" data-id=\"a56b25a\" data-element_type=\"section\" data-e-type=\"section\">\n\t\t\t\t\t\t<div class=\"elementor-container elementor-column-gap-default\">\n\t\t\t\t\t<div class=\"elementor-column elementor-col-100 elementor-top-column elementor-element elementor-element-85cb3fc\" data-id=\"85cb3fc\" data-element_type=\"column\" data-e-type=\"column\">\n\t\t\t<div class=\"elementor-widget-wrap elementor-element-populated\">\n\t\t\t\t\t\t<div class=\"elementor-element elementor-element-ba0f6d0 elementor-widget elementor-widget-text-editor\" data-id=\"ba0f6d0\" data-element_type=\"widget\" data-e-type=\"widget\" data-widget_type=\"text-editor.default\">\n\t\t\t\t<div class=\"elementor-widget-container\">\n\t\t\t\t\t\t\t\t\t<p><strong>Traditionelle Veranstaltungen im Sch\u00fctzenjahr<\/strong><\/p>\t\t\t\t\t\t\t\t<\/div>\n\t\t\t\t<\/div>\n\t\t\t\t\t<\/div>\n\t\t<\/div>\n\t\t\t\t\t<\/div>\n\t\t<\/section>\n\t\t\t\t<section class=\"elementor-section elementor-top-section elementor-element elementor-element-1b13351 elementor-section-boxed elementor-section-height-default elementor-section-height-default\" data-id=\"1b13351\" data-element_type=\"section\" data-e-type=\"section\">\n\t\t\t\t\t\t<div class=\"elementor-container elementor-column-gap-default\">\n\t\t\t\t\t<div class=\"elementor-column elementor-col-100 elementor-top-column elementor-element elementor-element-f7268ce\" data-id=\"f7268ce\" data-element_type=\"column\" data-e-type=\"column\">\n\t\t\t<div class=\"elementor-widget-wrap elementor-element-populated\">\n\t\t\t\t\t\t<div class=\"elementor-element elementor-element-3ebd026 elementor-widget elementor-widget-text-editor\" data-id=\"3ebd026\" data-element_type=\"widget\" data-e-type=\"widget\" data-widget_type=\"text-editor.default\">\n\t\t\t\t<div class=\"elementor-widget-container\">\n\t\t\t\t\t\t\t\t\t<p>Vogelschie\u00dfen\u00a0<\/p><p>Die Teilnehmenden schie\u00dfen mit Vereinswaffen auf einen Holzvogel. Um (Jugend-)Vogelk\u00f6nig*in zu werden, gilt es, das letzte Teilst\u00fcck (den Rumpf) des Holzvogels zu Fall zu bringen. Der\/die neue K\u00f6nig*in wird mit der \u00dcbergabe der Kette des\/der alten K\u00f6nig*in geehrt, diese wird von jeder Majest\u00e4t durch eine selbstgew\u00e4hlte Erinnerungsm\u00fcnze erweitert. Der\/die Vogelk\u00f6nig*in repr\u00e4sentiert mit dem\/der Sch\u00fctzenk\u00f6nig*in den Verein bei Veranstaltungen nach Au\u00dfen hin.<\/p>\t\t\t\t\t\t\t\t<\/div>\n\t\t\t\t<\/div>\n\t\t\t\t\t<\/div>\n\t\t<\/div>\n\t\t\t\t\t<\/div>\n\t\t<\/section>\n\t\t\t\t<section class=\"elementor-section elementor-top-section elementor-element elementor-element-ec8ff6c elementor-section-boxed elementor-section-height-default elementor-section-height-default\" data-id=\"ec8ff6c\" data-element_type=\"section\" data-e-type=\"section\">\n\t\t\t\t\t\t<div class=\"elementor-container elementor-column-gap-default\">\n\t\t\t\t\t<div class=\"elementor-column elementor-col-100 elementor-top-column elementor-element elementor-element-9b59469\" data-id=\"9b59469\" data-element_type=\"column\" data-e-type=\"column\">\n\t\t\t<div class=\"elementor-widget-wrap elementor-element-populated\">\n\t\t\t\t\t\t<div class=\"elementor-element elementor-element-53015ca elementor-widget elementor-widget-text-editor\" data-id=\"53015ca\" data-element_type=\"widget\" data-e-type=\"widget\" data-widget_type=\"text-editor.default\">\n\t\t\t\t<div class=\"elementor-widget-container\">\n\t\t\t\t\t\t\t\t\t<p>Herbst- und K\u00f6nigsschie\u00dfen\u00a0<\/p><p>Der\/die (Jugend-)Sch\u00fctzenk\u00f6nig*in wird mit einem einzigen Schuss pro Person ermittelt. Am Ehrungsabend (Herbst- und K\u00f6nigsabend) wechselt die K\u00f6nigskette vom abgel\u00f6sten Sch\u00fctzenk\u00f6nig zum\/zur neuen K\u00f6nig*in, der zus\u00e4tzlich mit einer vom Verein gestifteten Sch\u00fctzenscheibe mit vom\/von der alten K\u00f6nig*in gew\u00e4hlten Motiv geehrt wird. Mit einer selbstgew\u00e4hlten Erinnerungsm\u00fcnze erweitert der\/die K\u00f6nig*in die Sch\u00fctzenkette. Neben den repr\u00e4sentativen Aufgaben ist es \u00fcblich, dass der\/die neue K\u00f6nig*in den Ehrungsabend mitgestaltet. Weitere Pokale\/Ehrenteller, die beim Herbst- und K\u00f6nigsschie\u00dfen gewonnen werden k\u00f6nnen, variieren von Jahr zu Jahr.<\/p>\t\t\t\t\t\t\t\t<\/div>\n\t\t\t\t<\/div>\n\t\t\t\t\t<\/div>\n\t\t<\/div>\n\t\t\t\t\t<\/div>\n\t\t<\/section>\n\t\t\t\t<section class=\"elementor-section elementor-top-section elementor-element elementor-element-e30dc51 elementor-section-boxed elementor-section-height-default elementor-section-height-default\" data-id=\"e30dc51\" data-element_type=\"section\" data-e-type=\"section\">\n\t\t\t\t\t\t<div class=\"elementor-container elementor-column-gap-default\">\n\t\t\t\t\t<div class=\"elementor-column elementor-col-100 elementor-top-column elementor-element elementor-element-398a431\" data-id=\"398a431\" data-element_type=\"column\" data-e-type=\"column\">\n\t\t\t<div class=\"elementor-widget-wrap elementor-element-populated\">\n\t\t\t\t\t\t<div class=\"elementor-element elementor-element-1be340f elementor-widget elementor-widget-text-editor\" data-id=\"1be340f\" data-element_type=\"widget\" data-e-type=\"widget\" data-widget_type=\"text-editor.default\">\n\t\t\t\t<div class=\"elementor-widget-container\">\n\t\t\t\t\t\t\t\t\t<p>K\u00f6nigsschie\u00dfen und Vereinsmeisterschaft Bogen<\/p><p>Die Ermittlung des\/der Jugend-\/Bogenk\u00f6nig*in erfolgt September bis Anfang Oktober. An diesem Tag findet parallel die Vereinsmeisterschaft Bogen statt. Ebenso wie der\/die Sch\u00fctzenk\u00f6nig*in nimmt der\/die Bogenk\u00f6nig*in repr\u00e4sentative Aufgaben wahr. Der\/die Bogenk\u00f6nig*in und der\/die Jugendbogenk\u00f6nig*in werden am Ehrungsabend mit der Bogenkette geehrt. Die Vereinsmeister werden erst am Ehrungsabend verk\u00fcndet und erhalten ihre Pokale, die von Jahr zu Jahr weitergegeben werden.<\/p>\t\t\t\t\t\t\t\t<\/div>\n\t\t\t\t<\/div>\n\t\t\t\t\t<\/div>\n\t\t<\/div>\n\t\t\t\t\t<\/div>\n\t\t<\/section>\n\t\t\t\t<section class=\"elementor-section elementor-top-section elementor-element elementor-element-3dcd392 elementor-section-boxed elementor-section-height-default elementor-section-height-default\" data-id=\"3dcd392\" data-element_type=\"section\" data-e-type=\"section\">\n\t\t\t\t\t\t<div class=\"elementor-container elementor-column-gap-default\">\n\t\t\t\t\t<div class=\"elementor-column elementor-col-100 elementor-top-column elementor-element elementor-element-1561c86\" data-id=\"1561c86\" data-element_type=\"column\" data-e-type=\"column\">\n\t\t\t<div class=\"elementor-widget-wrap elementor-element-populated\">\n\t\t\t\t\t\t<div class=\"elementor-element elementor-element-cc7b74a elementor-widget elementor-widget-text-editor\" data-id=\"cc7b74a\" data-element_type=\"widget\" data-e-type=\"widget\" data-widget_type=\"text-editor.default\">\n\t\t\t\t<div class=\"elementor-widget-container\">\n\t\t\t\t\t\t\t\t\t<p>Kirchweihumzug des Stadtteils Eltersdorf\u00a0<\/p><p>Der Verein nimmt am \u00f6rtlichen Kirchweihumzug teil und repr\u00e4sentiert sich als Teil des Vereinswesens in Eltersdorf. Der Vereinsfahne folgend, reihen sich K\u00f6nige und K\u00f6niginnen und Jugend als Kettentr\u00e4ger mit den Luftdruck- und Bogensch\u00fctz*innen in traditioneller Tracht bzw. in abgestimmter Vereinskleidung im Umzug ein.<\/p>\t\t\t\t\t\t\t\t<\/div>\n\t\t\t\t<\/div>\n\t\t\t\t\t<\/div>\n\t\t<\/div>\n\t\t\t\t\t<\/div>\n\t\t<\/section>\n\t\t\t\t<section class=\"elementor-section elementor-top-section elementor-element elementor-element-991a717 elementor-section-boxed elementor-section-height-default elementor-section-height-default\" data-id=\"991a717\" data-element_type=\"section\" data-e-type=\"section\">\n\t\t\t\t\t\t<div class=\"elementor-container elementor-column-gap-default\">\n\t\t\t\t\t<div class=\"elementor-column elementor-col-100 elementor-top-column elementor-element elementor-element-80822ba\" data-id=\"80822ba\" data-element_type=\"column\" data-e-type=\"column\">\n\t\t\t<div class=\"elementor-widget-wrap elementor-element-populated\">\n\t\t\t\t\t\t<div class=\"elementor-element elementor-element-7a799a2 elementor-widget elementor-widget-text-editor\" data-id=\"7a799a2\" data-element_type=\"widget\" data-e-type=\"widget\" data-widget_type=\"text-editor.default\">\n\t\t\t\t<div class=\"elementor-widget-container\">\n\t\t\t\t\t\t\t\t\t<p>Gedenken an die Weltkriegsopfer \u2013 Volkstrauertag\u00a0<\/p><p>Der Verein nimmt an den Feierlichkeiten zum Volkstrauertag auf dem Eltersdorfer Friedhof teil.<\/p>\t\t\t\t\t\t\t\t<\/div>\n\t\t\t\t<\/div>\n\t\t\t\t\t<\/div>\n\t\t<\/div>\n\t\t\t\t\t<\/div>\n\t\t<\/section>\n\t\t\t\t<section class=\"elementor-section elementor-top-section elementor-element elementor-element-3223b05 elementor-section-boxed elementor-section-height-default elementor-section-height-default\" data-id=\"3223b05\" data-element_type=\"section\" data-e-type=\"section\">\n\t\t\t\t\t\t<div class=\"elementor-container elementor-column-gap-default\">\n\t\t\t\t\t<div class=\"elementor-column elementor-col-100 elementor-top-column elementor-element elementor-element-7a351c6\" data-id=\"7a351c6\" data-element_type=\"column\" data-e-type=\"column\">\n\t\t\t<div class=\"elementor-widget-wrap elementor-element-populated\">\n\t\t\t\t\t\t<div class=\"elementor-element elementor-element-c2ee66b elementor-widget-divider--view-line elementor-widget elementor-widget-divider\" data-id=\"c2ee66b\" data-element_type=\"widget\" data-e-type=\"widget\" data-widget_type=\"divider.default\">\n\t\t\t\t<div class=\"elementor-widget-container\">\n\t\t\t\t\t\t\t<div class=\"elementor-divider\">\n\t\t\t<span class=\"elementor-divider-separator\">\n\t\t\t\t\t\t<\/span>\n\t\t<\/div>\n\t\t\t\t\t\t<\/div>\n\t\t\t\t<\/div>\n\t\t\t\t\t<\/div>\n\t\t<\/div>\n\t\t\t\t\t<\/div>\n\t\t<\/section>\n\t\t\t\t<section class=\"elementor-section elementor-top-section elementor-element elementor-element-0eef0ff elementor-section-boxed elementor-section-height-default elementor-section-height-default\" data-id=\"0eef0ff\" data-element_type=\"section\" data-e-type=\"section\">\n\t\t\t\t\t\t<div class=\"elementor-container elementor-column-gap-default\">\n\t\t\t\t\t<div class=\"elementor-column elementor-col-100 elementor-top-column elementor-element elementor-element-314375f\" data-id=\"314375f\" data-element_type=\"column\" data-e-type=\"column\">\n\t\t\t<div class=\"elementor-widget-wrap elementor-element-populated\">\n\t\t\t\t\t\t<div class=\"elementor-element elementor-element-822cc9c elementor-widget elementor-widget-text-editor\" data-id=\"822cc9c\" data-element_type=\"widget\" data-e-type=\"widget\" data-widget_type=\"text-editor.default\">\n\t\t\t\t<div class=\"elementor-widget-container\">\n\t\t\t\t\t\t\t\t\t<p><strong>Gesellschaftliche Veranstaltungen im Jahreszyklus<\/strong><\/p><p>Diese sind mit einem Schie\u00dfwettbewerb f\u00fcr Jugend, Damen und Herren mit Luftgewehr, Luftpistole oder Bogen verbunden.\u00a0<strong><br \/><\/strong><\/p>\t\t\t\t\t\t\t\t<\/div>\n\t\t\t\t<\/div>\n\t\t\t\t\t<\/div>\n\t\t<\/div>\n\t\t\t\t\t<\/div>\n\t\t<\/section>\n\t\t\t\t<section class=\"elementor-section elementor-top-section elementor-element elementor-element-b9c5318 elementor-section-boxed elementor-section-height-default elementor-section-height-default\" data-id=\"b9c5318\" data-element_type=\"section\" data-e-type=\"section\">\n\t\t\t\t\t\t<div class=\"elementor-container elementor-column-gap-default\">\n\t\t\t\t\t<div class=\"elementor-column elementor-col-100 elementor-top-column elementor-element elementor-element-3952b4f\" data-id=\"3952b4f\" data-element_type=\"column\" data-e-type=\"column\">\n\t\t\t<div class=\"elementor-widget-wrap elementor-element-populated\">\n\t\t\t\t\t\t<div class=\"elementor-element elementor-element-f326852 elementor-widget elementor-widget-text-editor\" data-id=\"f326852\" data-element_type=\"widget\" data-e-type=\"widget\" data-widget_type=\"text-editor.default\">\n\t\t\t\t<div class=\"elementor-widget-container\">\n\t\t\t\t\t\t\t\t\t<p>Faschings-, Oster- und Halloweenschie\u00dfen\u00a0<\/p><p>Diese werden vereinsintern und je nach Interessenslage terminiert und gestaltet.<\/p>\t\t\t\t\t\t\t\t<\/div>\n\t\t\t\t<\/div>\n\t\t\t\t\t<\/div>\n\t\t<\/div>\n\t\t\t\t\t<\/div>\n\t\t<\/section>\n\t\t\t\t<section class=\"elementor-section elementor-top-section elementor-element elementor-element-c16fce0 elementor-section-boxed elementor-section-height-default elementor-section-height-default\" data-id=\"c16fce0\" data-element_type=\"section\" data-e-type=\"section\">\n\t\t\t\t\t\t<div class=\"elementor-container elementor-column-gap-default\">\n\t\t\t\t\t<div class=\"elementor-column elementor-col-100 elementor-top-column elementor-element elementor-element-08ca867\" data-id=\"08ca867\" data-element_type=\"column\" data-e-type=\"column\">\n\t\t\t<div class=\"elementor-widget-wrap elementor-element-populated\">\n\t\t\t\t\t\t<div class=\"elementor-element elementor-element-7eaacdf elementor-widget elementor-widget-text-editor\" data-id=\"7eaacdf\" data-element_type=\"widget\" data-e-type=\"widget\" data-widget_type=\"text-editor.default\">\n\t\t\t\t<div class=\"elementor-widget-container\">\n\t\t\t\t\t\t\t\t\t<p>3-Waffen-Kampf mit Sonnwendfeier\u00a0<\/p><p>Dieser wird um die Sonnenwende herum f\u00fcr alle Mitglieder an einem Samstagnachmittag angeboten. Die Pokal-Ehrung erfolgt getrennt nach Herren, Damen und Jugend am folgendem Grillabend mit G\u00e4sten.<\/p>\t\t\t\t\t\t\t\t<\/div>\n\t\t\t\t<\/div>\n\t\t\t\t\t<\/div>\n\t\t<\/div>\n\t\t\t\t\t<\/div>\n\t\t<\/section>\n\t\t\t\t<section class=\"elementor-section elementor-top-section elementor-element elementor-element-9977770 elementor-section-boxed elementor-section-height-default elementor-section-height-default\" data-id=\"9977770\" data-element_type=\"section\" data-e-type=\"section\">\n\t\t\t\t\t\t<div class=\"elementor-container elementor-column-gap-default\">\n\t\t\t\t\t<div class=\"elementor-column elementor-col-100 elementor-top-column elementor-element elementor-element-436c174\" data-id=\"436c174\" data-element_type=\"column\" data-e-type=\"column\">\n\t\t\t<div class=\"elementor-widget-wrap elementor-element-populated\">\n\t\t\t\t\t\t<div class=\"elementor-element elementor-element-806b311 elementor-widget elementor-widget-text-editor\" data-id=\"806b311\" data-element_type=\"widget\" data-e-type=\"widget\" data-widget_type=\"text-editor.default\">\n\t\t\t\t<div class=\"elementor-widget-container\">\n\t\t\t\t\t\t\t\t\t<p>Weihnachtsschie\u00dfen und Weihnachtsfeier\u00a0<\/p><p>Das Schie\u00dfprogramm des Weihnachtsschie\u00dfens variiert von Jahr zu Jahr, die Ergebnisse werden wie das Jahresschie\u00dfen an der Weihnachtsfeier bekanntgegeben.<\/p>\t\t\t\t\t\t\t\t<\/div>\n\t\t\t\t<\/div>\n\t\t\t\t\t<\/div>\n\t\t<\/div>\n\t\t\t\t\t<\/div>\n\t\t<\/section>\n\t\t\t\t<\/div>\n\t\t","protected":false},"excerpt":{"rendered":"<p>Traditionelle Veranstaltungen im Sch\u00fctzenjahr Vogelschie\u00dfen\u00a0 Die Teilnehmenden schie\u00dfen mit Vereinswaffen auf einen Holzvogel. Um (Jugend-)Vogelk\u00f6nig*in zu werden, gilt es, das letzte Teilst\u00fcck (den Rumpf) des Holzvogels zu Fall zu bringen. Der\/die neue K\u00f6nig*in wird mit der \u00dcbergabe der Kette des\/der alten K\u00f6nig*in geehrt, diese wird von jeder Majest\u00e4t durch eine selbstgew\u00e4hlte Erinnerungsm\u00fcnze erweitert. Der\/die Vogelk\u00f6nig*in &#8230; <a title=\"Sch\u00fctzenjahr\" class=\"read-more\" href=\"https:\/\/sgeltersdorf.de\/WP\/schuetzenjahr\/\" aria-label=\"Mehr Informationen \u00fcber Sch\u00fctzenjahr\">Weiterlesen<\/a><\/p>\n","protected":false},"author":6,"featured_media":0,"parent":0,"menu_order":0,"comment_status":"closed","ping_status":"closed","template":"","meta":{"footnotes":""},"class_list":["post-146","page","type-page","status-publish"],"_links":{"self":[{"href":"https:\/\/sgeltersdorf.de\/WP\/wp-json\/wp\/v2\/pages\/146","targetHints":{"allow":["GET"]}}],"collection":[{"href":"https:\/\/sgeltersdorf.de\/WP\/wp-json\/wp\/v2\/pages"}],"about":[{"href":"https:\/\/sgeltersdorf.de\/WP\/wp-json\/wp\/v2\/types\/page"}],"author":[{"embeddable":true,"href":"https:\/\/sgeltersdorf.de\/WP\/wp-json\/wp\/v2\/users\/6"}],"replies":[{"embeddable":true,"href":"https:\/\/sgeltersdorf.de\/WP\/wp-json\/wp\/v2\/comments?post=146"}],"version-history":[{"count":22,"href":"https:\/\/sgeltersdorf.de\/WP\/wp-json\/wp\/v2\/pages\/146\/revisions"}],"predecessor-version":[{"id":1142,"href":"https:\/\/sgeltersdorf.de\/WP\/wp-json\/wp\/v2\/pages\/146\/revisions\/1142"}],"wp:attachment":[{"href":"https:\/\/sgeltersdorf.de\/WP\/wp-json\/wp\/v2\/media?parent=146"}],"curies":[{"name":"wp","href":"https:\/\/api.w.org\/{rel}","templated":true}]}}