{"id":114,"date":"2022-06-22T14:19:48","date_gmt":"2022-06-22T12:19:48","guid":{"rendered":"https:\/\/sgeltersdorf.de\/WP\/?page_id=114"},"modified":"2023-04-19T08:45:15","modified_gmt":"2023-04-19T06:45:15","slug":"bogenplatz","status":"publish","type":"page","link":"https:\/\/sgeltersdorf.de\/WP\/bogenplatz\/","title":{"rendered":"Bogenplatz"},"content":{"rendered":"\t\t<div data-elementor-type=\"wp-page\" data-elementor-id=\"114\" class=\"elementor elementor-114\">\n\t\t\t\t\t\t<section class=\"elementor-section elementor-top-section elementor-element elementor-element-29819aa elementor-section-boxed elementor-section-height-default elementor-section-height-default\" data-id=\"29819aa\" data-element_type=\"section\" data-e-type=\"section\">\n\t\t\t\t\t\t<div class=\"elementor-container elementor-column-gap-default\">\n\t\t\t\t\t<div class=\"elementor-column elementor-col-100 elementor-top-column elementor-element elementor-element-bf77b07\" data-id=\"bf77b07\" data-element_type=\"column\" data-e-type=\"column\">\n\t\t\t<div class=\"elementor-widget-wrap elementor-element-populated\">\n\t\t\t\t\t\t<div class=\"elementor-element elementor-element-b172fe8 elementor-widget elementor-widget-image\" data-id=\"b172fe8\" data-element_type=\"widget\" data-e-type=\"widget\" data-widget_type=\"image.default\">\n\t\t\t\t<div class=\"elementor-widget-container\">\n\t\t\t\t\t\t\t\t\t\t\t\t\t\t\t<img fetchpriority=\"high\" decoding=\"async\" width=\"1008\" height=\"454\" src=\"https:\/\/sgeltersdorf.de\/WP\/wp-content\/uploads\/2022\/08\/Bogenplatz1.png\" class=\"attachment-full size-full wp-image-739\" alt=\"\" srcset=\"https:\/\/sgeltersdorf.de\/WP\/wp-content\/uploads\/2022\/08\/Bogenplatz1.png 1008w, https:\/\/sgeltersdorf.de\/WP\/wp-content\/uploads\/2022\/08\/Bogenplatz1-300x135.png 300w, https:\/\/sgeltersdorf.de\/WP\/wp-content\/uploads\/2022\/08\/Bogenplatz1-768x346.png 768w\" sizes=\"(max-width: 1008px) 100vw, 1008px\" \/>\t\t\t\t\t\t\t\t\t\t\t\t\t\t\t<\/div>\n\t\t\t\t<\/div>\n\t\t\t\t\t<\/div>\n\t\t<\/div>\n\t\t\t\t\t<\/div>\n\t\t<\/section>\n\t\t\t\t<section class=\"elementor-section elementor-top-section elementor-element elementor-element-6864161 elementor-section-boxed elementor-section-height-default elementor-section-height-default\" data-id=\"6864161\" data-element_type=\"section\" data-e-type=\"section\">\n\t\t\t\t\t\t<div class=\"elementor-container elementor-column-gap-default\">\n\t\t\t\t\t<div class=\"elementor-column elementor-col-50 elementor-top-column elementor-element elementor-element-e26ea95\" data-id=\"e26ea95\" data-element_type=\"column\" data-e-type=\"column\">\n\t\t\t<div class=\"elementor-widget-wrap elementor-element-populated\">\n\t\t\t\t\t\t<div class=\"elementor-element elementor-element-5dd8a78 elementor-widget-laptop__width-initial elementor-widget elementor-widget-image\" data-id=\"5dd8a78\" data-element_type=\"widget\" data-e-type=\"widget\" data-widget_type=\"image.default\">\n\t\t\t\t<div class=\"elementor-widget-container\">\n\t\t\t\t\t\t\t\t\t\t\t\t\t\t\t<img decoding=\"async\" width=\"177\" height=\"300\" src=\"https:\/\/sgeltersdorf.de\/WP\/wp-content\/uploads\/2022\/08\/FitaScheibe-177x300.png\" class=\"attachment-medium size-medium wp-image-697\" alt=\"\" srcset=\"https:\/\/sgeltersdorf.de\/WP\/wp-content\/uploads\/2022\/08\/FitaScheibe-177x300.png 177w, https:\/\/sgeltersdorf.de\/WP\/wp-content\/uploads\/2022\/08\/FitaScheibe.png 454w\" sizes=\"(max-width: 177px) 100vw, 177px\" \/>\t\t\t\t\t\t\t\t\t\t\t\t\t\t\t<\/div>\n\t\t\t\t<\/div>\n\t\t\t\t\t<\/div>\n\t\t<\/div>\n\t\t\t\t<div class=\"elementor-column elementor-col-50 elementor-top-column elementor-element elementor-element-73c197f\" data-id=\"73c197f\" data-element_type=\"column\" data-e-type=\"column\">\n\t\t\t<div class=\"elementor-widget-wrap elementor-element-populated\">\n\t\t\t\t\t\t<div class=\"elementor-element elementor-element-36d3b5a elementor-widget elementor-widget-text-editor\" data-id=\"36d3b5a\" data-element_type=\"widget\" data-e-type=\"widget\" data-widget_type=\"text-editor.default\">\n\t\t\t\t<div class=\"elementor-widget-container\">\n\t\t\t\t\t\t\t\t\t<p>-Liegt im Wiesengrund in Fu\u00dfn\u00e4he zum Vereinsheim<\/p><p>-Bietet Trainingsm\u00f6glichkeit mit Zielen in 10m bis 90m Entfernung<\/p><p>-Wird von uns Mitgliedern vor, w\u00e4hrend und nach der Sommersaison (April bis September)\u00a0<span style=\"color: var( --e-global-color-text ); font-family: var( --e-global-typography-text-font-family ), Sans-serif; font-weight: var( --e-global-typography-text-font-weight ); background-color: var(--base-3);\">gemeinsam in Schuss gehalten<\/span><\/p>\t\t\t\t\t\t\t\t<\/div>\n\t\t\t\t<\/div>\n\t\t\t\t\t<\/div>\n\t\t<\/div>\n\t\t\t\t\t<\/div>\n\t\t<\/section>\n\t\t\t\t<\/div>\n\t\t","protected":false},"excerpt":{"rendered":"<p>-Liegt im Wiesengrund in Fu\u00dfn\u00e4he zum Vereinsheim -Bietet Trainingsm\u00f6glichkeit mit Zielen in 10m bis 90m Entfernung -Wird von uns Mitgliedern vor, w\u00e4hrend und nach der Sommersaison (April bis September)\u00a0gemeinsam in Schuss gehalten<\/p>\n","protected":false},"author":6,"featured_media":0,"parent":0,"menu_order":0,"comment_status":"closed","ping_status":"closed","template":"","meta":{"footnotes":""},"class_list":["post-114","page","type-page","status-publish"],"_links":{"self":[{"href":"https:\/\/sgeltersdorf.de\/WP\/wp-json\/wp\/v2\/pages\/114","targetHints":{"allow":["GET"]}}],"collection":[{"href":"https:\/\/sgeltersdorf.de\/WP\/wp-json\/wp\/v2\/pages"}],"about":[{"href":"https:\/\/sgeltersdorf.de\/WP\/wp-json\/wp\/v2\/types\/page"}],"author":[{"embeddable":true,"href":"https:\/\/sgeltersdorf.de\/WP\/wp-json\/wp\/v2\/users\/6"}],"replies":[{"embeddable":true,"href":"https:\/\/sgeltersdorf.de\/WP\/wp-json\/wp\/v2\/comments?post=114"}],"version-history":[{"count":55,"href":"https:\/\/sgeltersdorf.de\/WP\/wp-json\/wp\/v2\/pages\/114\/revisions"}],"predecessor-version":[{"id":1708,"href":"https:\/\/sgeltersdorf.de\/WP\/wp-json\/wp\/v2\/pages\/114\/revisions\/1708"}],"wp:attachment":[{"href":"https:\/\/sgeltersdorf.de\/WP\/wp-json\/wp\/v2\/media?parent=114"}],"curies":[{"name":"wp","href":"https:\/\/api.w.org\/{rel}","templated":true}]}}