{"id":112,"date":"2022-06-22T14:19:29","date_gmt":"2022-06-22T12:19:29","guid":{"rendered":"https:\/\/sgeltersdorf.de\/WP\/?page_id=112"},"modified":"2023-08-08T22:53:18","modified_gmt":"2023-08-08T20:53:18","slug":"meisterschaften","status":"publish","type":"page","link":"https:\/\/sgeltersdorf.de\/WP\/meisterschaften\/","title":{"rendered":"Meisterschaften"},"content":{"rendered":"\t\t<div data-elementor-type=\"wp-page\" data-elementor-id=\"112\" class=\"elementor elementor-112\">\n\t\t\t\t\t\t<section class=\"elementor-section elementor-top-section elementor-element elementor-element-8af6c47 elementor-section-boxed elementor-section-height-default elementor-section-height-default\" data-id=\"8af6c47\" data-element_type=\"section\" data-e-type=\"section\">\n\t\t\t\t\t\t<div class=\"elementor-container elementor-column-gap-default\">\n\t\t\t\t\t<div class=\"elementor-column elementor-col-100 elementor-top-column elementor-element elementor-element-ccc0d80\" data-id=\"ccc0d80\" data-element_type=\"column\" data-e-type=\"column\">\n\t\t\t<div class=\"elementor-widget-wrap elementor-element-populated\">\n\t\t\t\t\t\t<div class=\"elementor-element elementor-element-64a81ba elementor-widget elementor-widget-text-editor\" data-id=\"64a81ba\" data-element_type=\"widget\" data-e-type=\"widget\" data-widget_type=\"text-editor.default\">\n\t\t\t\t<div class=\"elementor-widget-container\">\n\t\t\t\t\t\t\t\t\t<p>Meisterschaften beginnen mit der Gaumeisterschaft in Erlangen. F\u00fcr alle weiteren Meisterschaften &#8211; Bezirksmeisterschaft, Bayerische Meisterschaft, Deutsche Meisterschaft &#8211; muss man sich jeweils qualifizieren.<\/p><p>Ausschlaggebend f\u00fcr die Qualifikation zu einer h\u00f6heren Meisterschaft ist jeweils das Ergebnis bei der n\u00e4chst niedrigeren Meisterschaft, z.B. ist f\u00fcr die Bayerische Meisterschaft das Ergebnis bei der Bezirksmeisterschaft ausschlaggebend.<\/p>\t\t\t\t\t\t\t\t<\/div>\n\t\t\t\t<\/div>\n\t\t\t\t\t<\/div>\n\t\t<\/div>\n\t\t\t\t\t<\/div>\n\t\t<\/section>\n\t\t\t\t<\/div>\n\t\t","protected":false},"excerpt":{"rendered":"<p>Meisterschaften beginnen mit der Gaumeisterschaft in Erlangen. F\u00fcr alle weiteren Meisterschaften &#8211; Bezirksmeisterschaft, Bayerische Meisterschaft, Deutsche Meisterschaft &#8211; muss man sich jeweils qualifizieren. Ausschlaggebend f\u00fcr die Qualifikation zu einer h\u00f6heren Meisterschaft ist jeweils das Ergebnis bei der n\u00e4chst niedrigeren Meisterschaft, z.B. ist f\u00fcr die Bayerische Meisterschaft das Ergebnis bei der Bezirksmeisterschaft ausschlaggebend.<\/p>\n","protected":false},"author":6,"featured_media":0,"parent":0,"menu_order":0,"comment_status":"closed","ping_status":"closed","template":"","meta":{"footnotes":""},"class_list":["post-112","page","type-page","status-publish"],"_links":{"self":[{"href":"https:\/\/sgeltersdorf.de\/WP\/wp-json\/wp\/v2\/pages\/112","targetHints":{"allow":["GET"]}}],"collection":[{"href":"https:\/\/sgeltersdorf.de\/WP\/wp-json\/wp\/v2\/pages"}],"about":[{"href":"https:\/\/sgeltersdorf.de\/WP\/wp-json\/wp\/v2\/types\/page"}],"author":[{"embeddable":true,"href":"https:\/\/sgeltersdorf.de\/WP\/wp-json\/wp\/v2\/users\/6"}],"replies":[{"embeddable":true,"href":"https:\/\/sgeltersdorf.de\/WP\/wp-json\/wp\/v2\/comments?post=112"}],"version-history":[{"count":44,"href":"https:\/\/sgeltersdorf.de\/WP\/wp-json\/wp\/v2\/pages\/112\/revisions"}],"predecessor-version":[{"id":1227,"href":"https:\/\/sgeltersdorf.de\/WP\/wp-json\/wp\/v2\/pages\/112\/revisions\/1227"}],"wp:attachment":[{"href":"https:\/\/sgeltersdorf.de\/WP\/wp-json\/wp\/v2\/media?parent=112"}],"curies":[{"name":"wp","href":"https:\/\/api.w.org\/{rel}","templated":true}]}}